{"id":6402,"date":"2025-04-09T21:19:50","date_gmt":"2025-04-09T18:19:50","guid":{"rendered":"https:\/\/bartextil.ro\/?post_type=product&#038;p=6402"},"modified":"2025-04-13T11:28:40","modified_gmt":"2025-04-13T08:28:40","slug":"vekony-bartex-sport-zokni","status":"publish","type":"product","link":"https:\/\/bartextil.ro\/ro\/produs\/vekony-bartex-sport-zokni\/","title":{"rendered":"\u0218osete Bartex-Sport"},"content":{"rendered":"<p>Descriere produs<\/p>\n<p>Descoper\u0103 confortul \u0219i calitatea perfecte! \u0218osetele noastre sunt fabricate din bumbac 100%, iar compozi\u021bia final\u0103 este de 95% bumbac \u0219i 5% elastan, asigur\u00e2nd elasticitate \u0219i durabilitate.<\/p>\n<p>Puha \u00e9s l\u00e9g\u00e1tereszt\u0151: A magas pamuttartalomnak k\u00f6sz\u00f6nhet\u0151en zoknijaink kellemesen puh\u00e1k \u00e9s j\u00f3l szell\u0151znek, \u00edgy eg\u00e9sz nap k\u00e9nyelmes viseletet ny\u00fajtanak.<br \/>\nT\u00f6k\u00e9letes illeszked\u00e9s: Az elaszt\u00e1n hozz\u00e1ad\u00e1s\u00e1val zoknijaink rugalmasak, \u00e9s j\u00f3l illeszkednek a l\u00e1badra an\u00e9lk\u00fcl, hogy szor\u00edtan\u00e1nak.<br \/>\nTart\u00f3s \u00e9s megb\u00edzhat\u00f3: Kiv\u00e1l\u00f3 min\u0151s\u00e9g\u0171 alapanyagokb\u00f3l k\u00e9sz\u00fclnek, \u00edgy hossz\u00fa t\u00e1von is meg\u0151rzik rugalmass\u00e1gukat \u00e9s k\u00e9nyelm\u00fcket, m\u00e9g gyakori visel\u00e9s mellett is.<br \/>\nFie c\u0103 este vorba despre munc\u0103, sport sau relaxare acas\u0103, aceste \u0219osete asigur\u0103 confortul picioarelor tale \u00een orice situa\u021bie. Alege calitatea care \u021bine pasul cu tine!<\/p>","protected":false},"excerpt":{"rendered":"<p>Descoper\u0103 confortul \u0219i calitatea perfecte! \u0218osetele noastre sunt fabricate din bumbac 100%, iar compozi\u021bia final\u0103 este de 95% bumbac \u0219i 5% elastan, asigur\u00e2nd elasticitate \u0219i durabilitate.<\/p>","protected":false},"featured_media":6416,"comment_status":"open","ping_status":"closed","template":"","meta":{"_surecart_dashboard_logo_width":"180px","_surecart_dashboard_show_logo":true,"_surecart_dashboard_navigation_orders":true,"_surecart_dashboard_navigation_invoices":true,"_surecart_dashboard_navigation_subscriptions":true,"_surecart_dashboard_navigation_downloads":true,"_surecart_dashboard_navigation_billing":true,"_surecart_dashboard_navigation_account":true,"site-sidebar-layout":"default","site-content-layout":"","ast-site-content-layout":"default","site-content-style":"default","site-sidebar-style":"default","ast-global-header-display":"","ast-banner-title-visibility":"","ast-main-header-display":"","ast-hfb-above-header-display":"","ast-hfb-below-header-display":"","ast-hfb-mobile-header-display":"","site-post-title":"","ast-breadcrumbs-content":"","ast-featured-img":"","footer-sml-layout":"","theme-transparent-header-meta":"default","adv-header-id-meta":"","stick-header-meta":"","header-above-stick-meta":"","header-main-stick-meta":"","header-below-stick-meta":"","astra-migrate-meta-layouts":"set","ast-page-background-enabled":"default","ast-page-background-meta":{"desktop":{"background-color":"var(--ast-global-color-4)","background-image":"","background-repeat":"repeat","background-position":"center center","background-size":"auto","background-attachment":"scroll","background-type":"","background-media":"","overlay-type":"","overlay-color":"","overlay-opacity":"","overlay-gradient":""},"tablet":{"background-color":"","background-image":"","background-repeat":"repeat","background-position":"center center","background-size":"auto","background-attachment":"scroll","background-type":"","background-media":"","overlay-type":"","overlay-color":"","overlay-opacity":"","overlay-gradient":""},"mobile":{"background-color":"","background-image":"","background-repeat":"repeat","background-position":"center center","background-size":"auto","background-attachment":"scroll","background-type":"","background-media":"","overlay-type":"","overlay-color":"","overlay-opacity":"","overlay-gradient":""}},"ast-content-background-meta":{"desktop":{"background-color":"var(--ast-global-color-5)","background-image":"","background-repeat":"repeat","background-position":"center center","background-size":"auto","background-attachment":"scroll","background-type":"","background-media":"","overlay-type":"","overlay-color":"","overlay-opacity":"","overlay-gradient":""},"tablet":{"background-color":"var(--ast-global-color-5)","background-image":"","background-repeat":"repeat","background-position":"center center","background-size":"auto","background-attachment":"scroll","background-type":"","background-media":"","overlay-type":"","overlay-color":"","overlay-opacity":"","overlay-gradient":""},"mobile":{"background-color":"var(--ast-global-color-5)","background-image":"","background-repeat":"repeat","background-position":"center center","background-size":"auto","background-attachment":"scroll","background-type":"","background-media":"","overlay-type":"","overlay-color":"","overlay-opacity":"","overlay-gradient":""}}},"product_brand":[],"product_cat":[110,112,108],"product_tag":[],"class_list":{"0":"post-6402","1":"product","2":"type-product","3":"status-publish","4":"has-post-thumbnail","6":"product_cat-ferfi-hu","7":"product_cat-noi-hu","8":"product_cat-unisex-hu","9":"pa_szinek-fekete","10":"pa_szinek-kek","11":"pa_szinek-szurke","12":"desktop-align-left","13":"tablet-align-left","14":"mobile-align-left","16":"first","17":"instock","18":"shipping-taxable","19":"purchasable","20":"product-type-variable","21":"has-default-attributes"},"jetpack_sharing_enabled":true,"_links":{"self":[{"href":"https:\/\/bartextil.ro\/ro\/wp-json\/wp\/v2\/product\/6402","targetHints":{"allow":["GET"]}}],"collection":[{"href":"https:\/\/bartextil.ro\/ro\/wp-json\/wp\/v2\/product"}],"about":[{"href":"https:\/\/bartextil.ro\/ro\/wp-json\/wp\/v2\/types\/product"}],"replies":[{"embeddable":true,"href":"https:\/\/bartextil.ro\/ro\/wp-json\/wp\/v2\/comments?post=6402"}],"wp:featuredmedia":[{"embeddable":true,"href":"https:\/\/bartextil.ro\/ro\/wp-json\/wp\/v2\/media\/6416"}],"wp:attachment":[{"href":"https:\/\/bartextil.ro\/ro\/wp-json\/wp\/v2\/media?parent=6402"}],"wp:term":[{"taxonomy":"product_brand","embeddable":true,"href":"https:\/\/bartextil.ro\/ro\/wp-json\/wp\/v2\/product_brand?post=6402"},{"taxonomy":"product_cat","embeddable":true,"href":"https:\/\/bartextil.ro\/ro\/wp-json\/wp\/v2\/product_cat?post=6402"},{"taxonomy":"product_tag","embeddable":true,"href":"https:\/\/bartextil.ro\/ro\/wp-json\/wp\/v2\/product_tag?post=6402"}],"curies":[{"name":"wp","href":"https:\/\/api.w.org\/{rel}","templated":true}]}}