{"id":5768,"date":"2025-01-13T19:27:17","date_gmt":"2025-01-13T17:27:17","guid":{"rendered":"https:\/\/bartextil.ro\/?post_type=product&#038;p=5768"},"modified":"2025-04-13T11:34:06","modified_gmt":"2025-04-13T08:34:06","slug":"vastag-ferfi-sima-zokni","status":"publish","type":"product","link":"https:\/\/bartextil.ro\/ro\/produs\/vastag-ferfi-sima-zokni\/","title":{"rendered":"\u0218osete Flau\u0219ate Simple B\u0103rba\u021bi"},"content":{"rendered":"<p><strong>Descriere produs<\/strong><\/p>\n<p>Fedezd fel a t\u00f6k\u00e9letes k\u00e9nyelmet \u00e9s min\u0151s\u00e9get! Zoknijaink 100% pamut alapanyagb\u00f3l k\u00e9sz\u00fclnek, \u00e9s a v\u00e9gs\u0151 \u00f6sszet\u00e9tel\u00fck <strong>95% pamut \u00e9s 5% elaszt\u00e1n<\/strong>, amely biztos\u00edtja a rugalmass\u00e1got \u00e9s a tart\u00f3ss\u00e1got.<\/p>\n<ul>\n<li class=\"translation-block\"><strong>Moale \u0219i respirabil<\/strong>: Datorit\u0103 con\u021binutului ridicat de bumbac, \u0219osetele noastre sunt pl\u0103cut de moi \u0219i respirabile, oferind confort pe tot parcursul zilei.<\/li>\n<li class=\"translation-block\"><strong>Potrivire perfect\u0103<\/strong>: Datorit\u0103 adaosului de elastan, \u0219osetele noastre sunt elastice \u0219i se potrivesc bine pe picior f\u0103r\u0103 a str\u00e2nge.<\/li>\n<li>\n<div class=\"flex-shrink-0 flex flex-col relative items-end\">\n<div>\n<div class=\"pt-0\">\n<div class=\"gizmo-bot-avatar flex h-8 w-8 items-center justify-center overflow-hidden rounded-full\">\n<div class=\"relative p-1 rounded-sm flex items-center justify-center bg-token-main-surface-primary text-token-text-primary h-8 w-8 translation-block\"><strong>Durabile \u0219i de \u00eencredere<\/strong>: Sunt fabricate din materiale de \u00eenalt\u0103 calitate, p\u0103str\u00e2ndu-\u0219i elasticitatea \u0219i confortul pe termen lung, chiar \u0219i dup\u0103 utilizare frecvent\u0103.<\/div>\n<\/div>\n<\/div>\n<\/div>\n<\/div>\n<\/li>\n<\/ul>\n<p>Fie c\u0103 este vorba despre munc\u0103, sport sau relaxare acas\u0103, aceste \u0219osete asigur\u0103 confortul picioarelor tale \u00een orice situa\u021bie. Alege calitatea care \u021bine pasul cu tine!<\/p>","protected":false},"excerpt":{"rendered":"<p>Descoper\u0103 confortul \u0219i calitatea perfecte! \u0218osetele noastre sunt fabricate din bumbac 100%, iar compozi\u021bia final\u0103 este de 95% bumbac \u0219i 5% elastan, asigur\u00e2nd elasticitate \u0219i durabilitate.<\/p>","protected":false},"featured_media":5770,"comment_status":"open","ping_status":"closed","template":"","meta":{"_surecart_dashboard_logo_width":"180px","_surecart_dashboard_show_logo":true,"_surecart_dashboard_navigation_orders":true,"_surecart_dashboard_navigation_invoices":true,"_surecart_dashboard_navigation_subscriptions":true,"_surecart_dashboard_navigation_downloads":true,"_surecart_dashboard_navigation_billing":true,"_surecart_dashboard_navigation_account":true,"site-sidebar-layout":"default","site-content-layout":"","ast-site-content-layout":"default","site-content-style":"default","site-sidebar-style":"default","ast-global-header-display":"","ast-banner-title-visibility":"","ast-main-header-display":"","ast-hfb-above-header-display":"","ast-hfb-below-header-display":"","ast-hfb-mobile-header-display":"","site-post-title":"","ast-breadcrumbs-content":"","ast-featured-img":"","footer-sml-layout":"","theme-transparent-header-meta":"default","adv-header-id-meta":"","stick-header-meta":"","header-above-stick-meta":"","header-main-stick-meta":"","header-below-stick-meta":"","astra-migrate-meta-layouts":"set","ast-page-background-enabled":"default","ast-page-background-meta":{"desktop":{"background-color":"var(--ast-global-color-4)","background-image":"","background-repeat":"repeat","background-position":"center center","background-size":"auto","background-attachment":"scroll","background-type":"","background-media":"","overlay-type":"","overlay-color":"","overlay-opacity":"","overlay-gradient":""},"tablet":{"background-color":"","background-image":"","background-repeat":"repeat","background-position":"center center","background-size":"auto","background-attachment":"scroll","background-type":"","background-media":"","overlay-type":"","overlay-color":"","overlay-opacity":"","overlay-gradient":""},"mobile":{"background-color":"","background-image":"","background-repeat":"repeat","background-position":"center center","background-size":"auto","background-attachment":"scroll","background-type":"","background-media":"","overlay-type":"","overlay-color":"","overlay-opacity":"","overlay-gradient":""}},"ast-content-background-meta":{"desktop":{"background-color":"var(--ast-global-color-5)","background-image":"","background-repeat":"repeat","background-position":"center center","background-size":"auto","background-attachment":"scroll","background-type":"","background-media":"","overlay-type":"","overlay-color":"","overlay-opacity":"","overlay-gradient":""},"tablet":{"background-color":"var(--ast-global-color-5)","background-image":"","background-repeat":"repeat","background-position":"center center","background-size":"auto","background-attachment":"scroll","background-type":"","background-media":"","overlay-type":"","overlay-color":"","overlay-opacity":"","overlay-gradient":""},"mobile":{"background-color":"var(--ast-global-color-5)","background-image":"","background-repeat":"repeat","background-position":"center center","background-size":"auto","background-attachment":"scroll","background-type":"","background-media":"","overlay-type":"","overlay-color":"","overlay-opacity":"","overlay-gradient":""}}},"product_brand":[],"product_cat":[110],"product_tag":[],"class_list":{"0":"post-5768","1":"product","2":"type-product","3":"status-publish","4":"has-post-thumbnail","6":"product_cat-ferfi-hu","7":"pa_szinek-fekete","8":"pa_szinek-kek","9":"pa_szinek-szurke","10":"desktop-align-left","11":"tablet-align-left","12":"mobile-align-left","14":"first","15":"instock","16":"shipping-taxable","17":"purchasable","18":"product-type-variable","19":"has-default-attributes"},"jetpack_sharing_enabled":true,"_links":{"self":[{"href":"https:\/\/bartextil.ro\/ro\/wp-json\/wp\/v2\/product\/5768","targetHints":{"allow":["GET"]}}],"collection":[{"href":"https:\/\/bartextil.ro\/ro\/wp-json\/wp\/v2\/product"}],"about":[{"href":"https:\/\/bartextil.ro\/ro\/wp-json\/wp\/v2\/types\/product"}],"replies":[{"embeddable":true,"href":"https:\/\/bartextil.ro\/ro\/wp-json\/wp\/v2\/comments?post=5768"}],"wp:featuredmedia":[{"embeddable":true,"href":"https:\/\/bartextil.ro\/ro\/wp-json\/wp\/v2\/media\/5770"}],"wp:attachment":[{"href":"https:\/\/bartextil.ro\/ro\/wp-json\/wp\/v2\/media?parent=5768"}],"wp:term":[{"taxonomy":"product_brand","embeddable":true,"href":"https:\/\/bartextil.ro\/ro\/wp-json\/wp\/v2\/product_brand?post=5768"},{"taxonomy":"product_cat","embeddable":true,"href":"https:\/\/bartextil.ro\/ro\/wp-json\/wp\/v2\/product_cat?post=5768"},{"taxonomy":"product_tag","embeddable":true,"href":"https:\/\/bartextil.ro\/ro\/wp-json\/wp\/v2\/product_tag?post=5768"}],"curies":[{"name":"wp","href":"https:\/\/api.w.org\/{rel}","templated":true}]}}