{"id":5682,"date":"2025-01-03T20:33:41","date_gmt":"2025-01-03T18:33:41","guid":{"rendered":"https:\/\/bartextil.ro\/?post_type=product&#038;p=5682"},"modified":"2025-03-22T22:45:24","modified_gmt":"2025-03-22T20:45:24","slug":"frottir-talpu-zokni","status":"publish","type":"product","link":"https:\/\/bartextil.ro\/ro\/produs\/frottir-talpu-zokni\/","title":{"rendered":"\u0218osete cu Talp\u0103 Frottir"},"content":{"rendered":"<p>Descriere produs<\/p>\n<p>Descoper\u0103 confortul \u0219i calitatea perfecte! \u0218osetele noastre sunt fabricate din bumbac 100%, iar compozi\u021bia final\u0103 este de 95% bumbac \u0219i 5% elastan, asigur\u00e2nd elasticitate \u0219i durabilitate.<\/p>\n<ul>\n<li class=\"translation-block\"><strong>Moale \u0219i respirabil<\/strong>: Datorit\u0103 con\u021binutului ridicat de bumbac, \u0219osetele noastre sunt pl\u0103cut de moi \u0219i respirabile, oferind confort pe tot parcursul zilei.<\/li>\n<li class=\"translation-block\"><strong>Potrivire perfect\u0103<\/strong>: Datorit\u0103 adaosului de elastan, \u0219osetele noastre sunt elastice \u0219i se potrivesc bine pe picior f\u0103r\u0103 a str\u00e2nge.<\/li>\n<li class=\"translation-block\"><strong>Durabile \u0219i de \u00eencredere<\/strong>: Sunt fabricate din materiale de \u00eenalt\u0103 calitate, p\u0103str\u00e2ndu-\u0219i elasticitatea \u0219i confortul pe termen lung, chiar \u0219i dup\u0103 utilizare frecvent\u0103.<\/li>\n<li class=\"translation-block\"><strong>Talc frott\u00e9<\/strong>: \u0218osetele noastre au talp\u0103 frott\u00e9, oferind grosime \u0219i c\u0103ldur\u0103 suplimentar\u0103, fiind astfel alegerea ideal\u0103 pentru vreme rece. Designul special ajut\u0103 la men\u021binerea c\u0103ldurii picioarelor, oferind \u00een acela\u0219i timp confort \u0219i durabilitate. Alegerea perfect\u0103 pentru lunile mai reci, relaxare acas\u0103 sau orice activitate de iarn\u0103 unde c\u0103ldura \u0219i confortul sunt esen\u021biale.<\/li>\n<li class=\"translation-block\"><strong>Design unisex<\/strong>: \u0218osetele noastre se potrivesc tuturor picioarelor, fie c\u0103 este vorba despre b\u0103rba\u021bi sau femei. Materialul elastic \u0219i potrivirea confortabil\u0103 garanteaz\u0103 c\u0103 reprezint\u0103 alegerea ideal\u0103 pentru oricine.<\/li>\n<\/ul>\n<p>Fie c\u0103 este vorba despre munc\u0103, sport sau relaxare acas\u0103, aceste \u0219osete asigur\u0103 confortul picioarelor tale \u00een orice situa\u021bie. Alege calitatea care \u021bine pasul cu tine!<\/p>","protected":false},"excerpt":{"rendered":"<p>Descoper\u0103 confortul \u0219i calitatea perfecte! \u0218osetele noastre sunt fabricate din bumbac 100%, iar compozi\u021bia final\u0103 este de 95% bumbac \u0219i 5% elastan, asigur\u00e2nd elasticitate \u0219i durabilitate.<\/p>","protected":false},"featured_media":5840,"comment_status":"open","ping_status":"closed","template":"","meta":{"_surecart_dashboard_logo_width":"180px","_surecart_dashboard_show_logo":true,"_surecart_dashboard_navigation_orders":true,"_surecart_dashboard_navigation_invoices":true,"_surecart_dashboard_navigation_subscriptions":true,"_surecart_dashboard_navigation_downloads":true,"_surecart_dashboard_navigation_billing":true,"_surecart_dashboard_navigation_account":true,"site-sidebar-layout":"default","site-content-layout":"","ast-site-content-layout":"default","site-content-style":"default","site-sidebar-style":"default","ast-global-header-display":"","ast-banner-title-visibility":"","ast-main-header-display":"","ast-hfb-above-header-display":"","ast-hfb-below-header-display":"","ast-hfb-mobile-header-display":"","site-post-title":"","ast-breadcrumbs-content":"","ast-featured-img":"","footer-sml-layout":"","theme-transparent-header-meta":"default","adv-header-id-meta":"","stick-header-meta":"","header-above-stick-meta":"","header-main-stick-meta":"","header-below-stick-meta":"","astra-migrate-meta-layouts":"set","ast-page-background-enabled":"default","ast-page-background-meta":{"desktop":{"background-color":"var(--ast-global-color-4)","background-image":"","background-repeat":"repeat","background-position":"center center","background-size":"auto","background-attachment":"scroll","background-type":"","background-media":"","overlay-type":"","overlay-color":"","overlay-opacity":"","overlay-gradient":""},"tablet":{"background-color":"","background-image":"","background-repeat":"repeat","background-position":"center center","background-size":"auto","background-attachment":"scroll","background-type":"","background-media":"","overlay-type":"","overlay-color":"","overlay-opacity":"","overlay-gradient":""},"mobile":{"background-color":"","background-image":"","background-repeat":"repeat","background-position":"center center","background-size":"auto","background-attachment":"scroll","background-type":"","background-media":"","overlay-type":"","overlay-color":"","overlay-opacity":"","overlay-gradient":""}},"ast-content-background-meta":{"desktop":{"background-color":"var(--ast-global-color-5)","background-image":"","background-repeat":"repeat","background-position":"center center","background-size":"auto","background-attachment":"scroll","background-type":"","background-media":"","overlay-type":"","overlay-color":"","overlay-opacity":"","overlay-gradient":""},"tablet":{"background-color":"var(--ast-global-color-5)","background-image":"","background-repeat":"repeat","background-position":"center center","background-size":"auto","background-attachment":"scroll","background-type":"","background-media":"","overlay-type":"","overlay-color":"","overlay-opacity":"","overlay-gradient":""},"mobile":{"background-color":"var(--ast-global-color-5)","background-image":"","background-repeat":"repeat","background-position":"center center","background-size":"auto","background-attachment":"scroll","background-type":"","background-media":"","overlay-type":"","overlay-color":"","overlay-opacity":"","overlay-gradient":""}}},"product_brand":[],"product_cat":[110,112,108],"product_tag":[],"class_list":{"0":"post-5682","1":"product","2":"type-product","3":"status-publish","4":"has-post-thumbnail","6":"product_cat-ferfi-hu","7":"product_cat-noi-hu","8":"product_cat-unisex-hu","9":"pa_szinek-fekete","10":"pa_szinek-kek","11":"pa_szinek-szurke","12":"desktop-align-left","13":"tablet-align-left","14":"mobile-align-left","16":"first","17":"instock","18":"shipping-taxable","19":"purchasable","20":"product-type-variable","21":"has-default-attributes"},"jetpack_sharing_enabled":true,"_links":{"self":[{"href":"https:\/\/bartextil.ro\/ro\/wp-json\/wp\/v2\/product\/5682","targetHints":{"allow":["GET"]}}],"collection":[{"href":"https:\/\/bartextil.ro\/ro\/wp-json\/wp\/v2\/product"}],"about":[{"href":"https:\/\/bartextil.ro\/ro\/wp-json\/wp\/v2\/types\/product"}],"replies":[{"embeddable":true,"href":"https:\/\/bartextil.ro\/ro\/wp-json\/wp\/v2\/comments?post=5682"}],"wp:featuredmedia":[{"embeddable":true,"href":"https:\/\/bartextil.ro\/ro\/wp-json\/wp\/v2\/media\/5840"}],"wp:attachment":[{"href":"https:\/\/bartextil.ro\/ro\/wp-json\/wp\/v2\/media?parent=5682"}],"wp:term":[{"taxonomy":"product_brand","embeddable":true,"href":"https:\/\/bartextil.ro\/ro\/wp-json\/wp\/v2\/product_brand?post=5682"},{"taxonomy":"product_cat","embeddable":true,"href":"https:\/\/bartextil.ro\/ro\/wp-json\/wp\/v2\/product_cat?post=5682"},{"taxonomy":"product_tag","embeddable":true,"href":"https:\/\/bartextil.ro\/ro\/wp-json\/wp\/v2\/product_tag?post=5682"}],"curies":[{"name":"wp","href":"https:\/\/api.w.org\/{rel}","templated":true}]}}