{"id":5629,"date":"2025-01-03T18:53:03","date_gmt":"2025-01-03T17:53:03","guid":{"rendered":"https:\/\/bartextil.ro\/?post_type=product&#038;p=5629"},"modified":"2025-03-23T17:14:05","modified_gmt":"2025-03-23T15:14:05","slug":"vastag-gumi-nelkuli-zokni","status":"publish","type":"product","link":"https:\/\/bartextil.ro\/ro\/produs\/vastag-gumi-nelkuli-zokni\/","title":{"rendered":"\u0218osete Flau\u0219ate Medicale"},"content":{"rendered":"<p>Descriere produs<\/p>\n<p>Descoper\u0103 confortul \u0219i calitatea perfecte! \u0218osetele noastre sunt fabricate din bumbac 100%, iar compozi\u021bia final\u0103 este de 95% bumbac \u0219i 5% elastan, asigur\u00e2nd elasticitate \u0219i durabilitate.<\/p>\n<ul>\n<li class=\"translation-block\"><strong>Moale \u0219i respirabil<\/strong>: Datorit\u0103 con\u021binutului ridicat de bumbac, \u0219osetele noastre sunt pl\u0103cut de moi \u0219i respirabile, oferind confort pe tot parcursul zilei.<\/li>\n<li class=\"translation-block\"><strong>Potrivire perfect\u0103<\/strong>: Datorit\u0103 adaosului de elastan, \u0219osetele noastre sunt elastice \u0219i se potrivesc bine pe picior f\u0103r\u0103 a str\u00e2nge.<\/li>\n<li class=\"translation-block\"><strong>Durabile \u0219i de \u00eencredere<\/strong>: Sunt fabricate din materiale de \u00eenalt\u0103 calitate, p\u0103str\u00e2ndu-\u0219i elasticitatea \u0219i confortul pe termen lung, chiar \u0219i dup\u0103 utilizare frecvent\u0103.<\/li>\n<li><strong>Gumin\u00e9lk\u00fcli kialak\u00edt\u00e1s<\/strong>: Zoknijaink gumin\u00e9lk\u00fcli kialak\u00edt\u00e1ssal k\u00e9sz\u00fclnek, ami lehet\u0151v\u00e9 teszi a k\u00e9nyelmes illeszked\u00e9st an\u00e9lk\u00fcl, hogy nyom\u00e1st gyakoroln\u00e1nak a l\u00e1badra. \u00cdgy biztos\u00edtj\u00e1k a maxim\u00e1lis komfortot, k\u00fcl\u00f6n\u00f6sen \u00e9rz\u00e9keny b\u0151r\u0171ek sz\u00e1m\u00e1ra.<\/li>\n<li><strong>Orrvarr\u00e1s n\u00e9lk\u00fcli<\/strong>: Az orrvarr\u00e1s n\u00e9lk\u00fcli kialak\u00edt\u00e1snak k\u00f6sz\u00f6nhet\u0151en zoknijaink sima fel\u00fcletet biztos\u00edtanak, elker\u00fclve a hagyom\u00e1nyos zoknikn\u00e1l megszokott kellemetlen varr\u00e1sokat, \u00edgy m\u00e9g k\u00e9nyelmesebb\u00e9 t\u00e9ve a viseletet.<\/li>\n<li class=\"translation-block\"><strong>Design unisex<\/strong>: \u0218osetele noastre se potrivesc tuturor picioarelor, fie c\u0103 este vorba despre b\u0103rba\u021bi sau femei. Materialul elastic \u0219i potrivirea confortabil\u0103 garanteaz\u0103 c\u0103 reprezint\u0103 alegerea ideal\u0103 pentru oricine.<\/li>\n<\/ul>\n<p>Legyen sz\u00f3 munk\u00e1r\u00f3l, sportol\u00e1sr\u00f3l vagy otthoni pihen\u00e9sr\u0151l, ezek a zoknik minden helyzetben biztos\u00edtj\u00e1k a l\u00e1bad k\u00e9nyelm\u00e9t. V\u00e1laszd a gumin\u00e9lk\u00fcli, orrvarr\u00e1s n\u00e9lk\u00fcli zoknikat, hogy m\u00e9g k\u00e9nyelmesebb\u00e9 tedd a mindennapjaidat!<\/p>","protected":false},"excerpt":{"rendered":"<p>Descoper\u0103 confortul \u0219i calitatea perfecte! \u0218osetele noastre sunt fabricate din bumbac 100%, iar compozi\u021bia final\u0103 este de 95% bumbac \u0219i 5% elastan, asigur\u00e2nd elasticitate \u0219i durabilitate.<\/p>","protected":false},"featured_media":5863,"comment_status":"open","ping_status":"closed","template":"","meta":{"_surecart_dashboard_logo_width":"180px","_surecart_dashboard_show_logo":true,"_surecart_dashboard_navigation_orders":true,"_surecart_dashboard_navigation_invoices":true,"_surecart_dashboard_navigation_subscriptions":true,"_surecart_dashboard_navigation_downloads":true,"_surecart_dashboard_navigation_billing":true,"_surecart_dashboard_navigation_account":true,"site-sidebar-layout":"default","site-content-layout":"","ast-site-content-layout":"default","site-content-style":"default","site-sidebar-style":"default","ast-global-header-display":"","ast-banner-title-visibility":"","ast-main-header-display":"","ast-hfb-above-header-display":"","ast-hfb-below-header-display":"","ast-hfb-mobile-header-display":"","site-post-title":"","ast-breadcrumbs-content":"","ast-featured-img":"","footer-sml-layout":"","theme-transparent-header-meta":"default","adv-header-id-meta":"","stick-header-meta":"","header-above-stick-meta":"","header-main-stick-meta":"","header-below-stick-meta":"","astra-migrate-meta-layouts":"set","ast-page-background-enabled":"default","ast-page-background-meta":{"desktop":{"background-color":"var(--ast-global-color-4)","background-image":"","background-repeat":"repeat","background-position":"center center","background-size":"auto","background-attachment":"scroll","background-type":"","background-media":"","overlay-type":"","overlay-color":"","overlay-opacity":"","overlay-gradient":""},"tablet":{"background-color":"","background-image":"","background-repeat":"repeat","background-position":"center center","background-size":"auto","background-attachment":"scroll","background-type":"","background-media":"","overlay-type":"","overlay-color":"","overlay-opacity":"","overlay-gradient":""},"mobile":{"background-color":"","background-image":"","background-repeat":"repeat","background-position":"center center","background-size":"auto","background-attachment":"scroll","background-type":"","background-media":"","overlay-type":"","overlay-color":"","overlay-opacity":"","overlay-gradient":""}},"ast-content-background-meta":{"desktop":{"background-color":"var(--ast-global-color-5)","background-image":"","background-repeat":"repeat","background-position":"center center","background-size":"auto","background-attachment":"scroll","background-type":"","background-media":"","overlay-type":"","overlay-color":"","overlay-opacity":"","overlay-gradient":""},"tablet":{"background-color":"var(--ast-global-color-5)","background-image":"","background-repeat":"repeat","background-position":"center center","background-size":"auto","background-attachment":"scroll","background-type":"","background-media":"","overlay-type":"","overlay-color":"","overlay-opacity":"","overlay-gradient":""},"mobile":{"background-color":"var(--ast-global-color-5)","background-image":"","background-repeat":"repeat","background-position":"center center","background-size":"auto","background-attachment":"scroll","background-type":"","background-media":"","overlay-type":"","overlay-color":"","overlay-opacity":"","overlay-gradient":""}}},"product_brand":[],"product_cat":[110,112,106,108],"product_tag":[],"class_list":{"0":"post-5629","1":"product","2":"type-product","3":"status-publish","4":"has-post-thumbnail","6":"product_cat-ferfi-hu","7":"product_cat-noi-hu","8":"product_cat-orvosi-zokni-hu","9":"product_cat-unisex-hu","10":"pa_szinek-fekete","11":"pa_szinek-kek","12":"pa_szinek-szurke","13":"desktop-align-left","14":"tablet-align-left","15":"mobile-align-left","17":"first","18":"instock","19":"shipping-taxable","20":"purchasable","21":"product-type-variable","22":"has-default-attributes"},"jetpack_sharing_enabled":true,"_links":{"self":[{"href":"https:\/\/bartextil.ro\/ro\/wp-json\/wp\/v2\/product\/5629","targetHints":{"allow":["GET"]}}],"collection":[{"href":"https:\/\/bartextil.ro\/ro\/wp-json\/wp\/v2\/product"}],"about":[{"href":"https:\/\/bartextil.ro\/ro\/wp-json\/wp\/v2\/types\/product"}],"replies":[{"embeddable":true,"href":"https:\/\/bartextil.ro\/ro\/wp-json\/wp\/v2\/comments?post=5629"}],"wp:featuredmedia":[{"embeddable":true,"href":"https:\/\/bartextil.ro\/ro\/wp-json\/wp\/v2\/media\/5863"}],"wp:attachment":[{"href":"https:\/\/bartextil.ro\/ro\/wp-json\/wp\/v2\/media?parent=5629"}],"wp:term":[{"taxonomy":"product_brand","embeddable":true,"href":"https:\/\/bartextil.ro\/ro\/wp-json\/wp\/v2\/product_brand?post=5629"},{"taxonomy":"product_cat","embeddable":true,"href":"https:\/\/bartextil.ro\/ro\/wp-json\/wp\/v2\/product_cat?post=5629"},{"taxonomy":"product_tag","embeddable":true,"href":"https:\/\/bartextil.ro\/ro\/wp-json\/wp\/v2\/product_tag?post=5629"}],"curies":[{"name":"wp","href":"https:\/\/api.w.org\/{rel}","templated":true}]}}