{"id":5621,"date":"2025-01-03T18:44:42","date_gmt":"2025-01-03T17:44:42","guid":{"rendered":"https:\/\/bartextil.ro\/?post_type=product&#038;p=5621"},"modified":"2025-02-08T21:21:38","modified_gmt":"2025-02-08T19:21:38","slug":"vastag-ferfi-b-tex-zokni","status":"publish","type":"product","link":"https:\/\/bartextil.ro\/ro\/produs\/vastag-ferfi-b-tex-zokni\/","title":{"rendered":"\u0218osete Flau\u0219ate B-tex B\u0103rba\u021bi"},"content":{"rendered":"<p><strong>Descriere produs<\/strong><\/p>\n<p>Fedezd fel a t\u00f6k\u00e9letes k\u00e9nyelmet \u00e9s min\u0151s\u00e9get! Zoknijaink 100% pamut alapanyagb\u00f3l k\u00e9sz\u00fclnek, \u00e9s a v\u00e9gs\u0151 \u00f6sszet\u00e9tel\u00fck\u00a0<strong>95% pamut \u00e9s 5% elaszt\u00e1n<\/strong>, amely biztos\u00edtja a rugalmass\u00e1got \u00e9s a tart\u00f3ss\u00e1got.<\/p>\n<ul>\n<li><strong>Puha \u00e9s l\u00e9g\u00e1tereszt\u0151:<\/strong>\u00a0A magas pamuttartalomnak k\u00f6sz\u00f6nhet\u0151en zoknijaink kellemesen puh\u00e1k \u00e9s j\u00f3l szell\u0151znek, \u00edgy eg\u00e9sz nap k\u00e9nyelmes viseletet ny\u00fajtanak.<\/li>\n<li><strong>T\u00f6k\u00e9letes illeszked\u00e9s:<\/strong>\u00a0Az elaszt\u00e1n hozz\u00e1ad\u00e1s\u00e1val zoknijaink rugalmasak, \u00e9s j\u00f3l illeszkednek a l\u00e1badra an\u00e9lk\u00fcl, hogy szor\u00edtan\u00e1nak.<\/li>\n<li>\n<div class=\"flex-shrink-0 flex flex-col relative items-end\">\n<div>\n<div class=\"pt-0\">\n<div class=\"gizmo-bot-avatar flex h-8 w-8 items-center justify-center overflow-hidden rounded-full\">\n<div class=\"relative p-1 rounded-sm flex items-center justify-center bg-token-main-surface-primary text-token-text-primary h-8 w-8\"><strong>Tart\u00f3s \u00e9s megb\u00edzhat\u00f3:<\/strong>\u00a0Kiv\u00e1l\u00f3 min\u0151s\u00e9g\u0171 alapanyagokb\u00f3l k\u00e9sz\u00fclnek, \u00edgy hossz\u00fa t\u00e1von is meg\u0151rzik rugalmass\u00e1gukat \u00e9s k\u00e9nyelm\u00fcket, m\u00e9g gyakori visel\u00e9s mellett is.<\/div>\n<\/div>\n<\/div>\n<\/div>\n<\/div>\n<\/li>\n<\/ul>\n<p>Fie c\u0103 este vorba despre munc\u0103, sport sau relaxare acas\u0103, aceste \u0219osete asigur\u0103 confortul picioarelor tale \u00een orice situa\u021bie. Alege calitatea care \u021bine pasul cu tine!<\/p>","protected":false},"excerpt":{"rendered":"<p>Descoper\u0103 confortul \u0219i calitatea perfecte! \u0218osetele noastre sunt fabricate din bumbac 100%, iar compozi\u021bia final\u0103 este de 95% bumbac \u0219i 5% elastan, asigur\u00e2nd elasticitate \u0219i durabilitate.<\/p>","protected":false},"featured_media":5868,"comment_status":"open","ping_status":"closed","template":"","meta":{"_surecart_dashboard_logo_width":"180px","_surecart_dashboard_show_logo":true,"_surecart_dashboard_navigation_orders":true,"_surecart_dashboard_navigation_invoices":true,"_surecart_dashboard_navigation_subscriptions":true,"_surecart_dashboard_navigation_downloads":true,"_surecart_dashboard_navigation_billing":true,"_surecart_dashboard_navigation_account":true,"site-sidebar-layout":"default","site-content-layout":"","ast-site-content-layout":"default","site-content-style":"default","site-sidebar-style":"default","ast-global-header-display":"","ast-banner-title-visibility":"","ast-main-header-display":"","ast-hfb-above-header-display":"","ast-hfb-below-header-display":"","ast-hfb-mobile-header-display":"","site-post-title":"","ast-breadcrumbs-content":"","ast-featured-img":"","footer-sml-layout":"","theme-transparent-header-meta":"default","adv-header-id-meta":"","stick-header-meta":"","header-above-stick-meta":"","header-main-stick-meta":"","header-below-stick-meta":"","astra-migrate-meta-layouts":"set","ast-page-background-enabled":"default","ast-page-background-meta":{"desktop":{"background-color":"var(--ast-global-color-4)","background-image":"","background-repeat":"repeat","background-position":"center center","background-size":"auto","background-attachment":"scroll","background-type":"","background-media":"","overlay-type":"","overlay-color":"","overlay-opacity":"","overlay-gradient":""},"tablet":{"background-color":"","background-image":"","background-repeat":"repeat","background-position":"center center","background-size":"auto","background-attachment":"scroll","background-type":"","background-media":"","overlay-type":"","overlay-color":"","overlay-opacity":"","overlay-gradient":""},"mobile":{"background-color":"","background-image":"","background-repeat":"repeat","background-position":"center center","background-size":"auto","background-attachment":"scroll","background-type":"","background-media":"","overlay-type":"","overlay-color":"","overlay-opacity":"","overlay-gradient":""}},"ast-content-background-meta":{"desktop":{"background-color":"var(--ast-global-color-5)","background-image":"","background-repeat":"repeat","background-position":"center center","background-size":"auto","background-attachment":"scroll","background-type":"","background-media":"","overlay-type":"","overlay-color":"","overlay-opacity":"","overlay-gradient":""},"tablet":{"background-color":"var(--ast-global-color-5)","background-image":"","background-repeat":"repeat","background-position":"center center","background-size":"auto","background-attachment":"scroll","background-type":"","background-media":"","overlay-type":"","overlay-color":"","overlay-opacity":"","overlay-gradient":""},"mobile":{"background-color":"var(--ast-global-color-5)","background-image":"","background-repeat":"repeat","background-position":"center center","background-size":"auto","background-attachment":"scroll","background-type":"","background-media":"","overlay-type":"","overlay-color":"","overlay-opacity":"","overlay-gradient":""}}},"product_brand":[],"product_cat":[110],"product_tag":[],"class_list":{"0":"post-5621","1":"product","2":"type-product","3":"status-publish","4":"has-post-thumbnail","6":"product_cat-ferfi-hu","7":"pa_szinek-feher","8":"pa_szinek-fekete","9":"pa_szinek-kek","10":"pa_szinek-szurke","11":"desktop-align-left","12":"tablet-align-left","13":"mobile-align-left","15":"first","16":"instock","17":"shipping-taxable","18":"purchasable","19":"product-type-variable","20":"has-default-attributes"},"jetpack_sharing_enabled":true,"_links":{"self":[{"href":"https:\/\/bartextil.ro\/ro\/wp-json\/wp\/v2\/product\/5621","targetHints":{"allow":["GET"]}}],"collection":[{"href":"https:\/\/bartextil.ro\/ro\/wp-json\/wp\/v2\/product"}],"about":[{"href":"https:\/\/bartextil.ro\/ro\/wp-json\/wp\/v2\/types\/product"}],"replies":[{"embeddable":true,"href":"https:\/\/bartextil.ro\/ro\/wp-json\/wp\/v2\/comments?post=5621"}],"wp:featuredmedia":[{"embeddable":true,"href":"https:\/\/bartextil.ro\/ro\/wp-json\/wp\/v2\/media\/5868"}],"wp:attachment":[{"href":"https:\/\/bartextil.ro\/ro\/wp-json\/wp\/v2\/media?parent=5621"}],"wp:term":[{"taxonomy":"product_brand","embeddable":true,"href":"https:\/\/bartextil.ro\/ro\/wp-json\/wp\/v2\/product_brand?post=5621"},{"taxonomy":"product_cat","embeddable":true,"href":"https:\/\/bartextil.ro\/ro\/wp-json\/wp\/v2\/product_cat?post=5621"},{"taxonomy":"product_tag","embeddable":true,"href":"https:\/\/bartextil.ro\/ro\/wp-json\/wp\/v2\/product_tag?post=5621"}],"curies":[{"name":"wp","href":"https:\/\/api.w.org\/{rel}","templated":true}]}}