{"id":381,"date":"2025-01-02T22:04:11","date_gmt":"2025-01-02T21:04:11","guid":{"rendered":"https:\/\/bartextil.ro\/about\/"},"modified":"2025-03-09T17:35:11","modified_gmt":"2025-03-09T15:35:11","slug":"about","status":"publish","type":"page","link":"https:\/\/bartextil.ro\/ro\/about\/","title":{"rendered":"About"},"content":{"rendered":"<div data-elementor-type=\"wp-page\" data-elementor-id=\"381\" class=\"elementor elementor-381\">\n\t\t\t\t<div class=\"elementor-element elementor-element-0d9dcf9 e-flex e-con-boxed elementor-invisible e-con e-parent\" data-id=\"0d9dcf9\" data-element_type=\"container\" data-settings=\"{&quot;background_background&quot;:&quot;classic&quot;,&quot;animation&quot;:&quot;fadeInDown&quot;}\">\n\t\t\t\t\t<div class=\"e-con-inner\">\n\t\t<div class=\"elementor-element elementor-element-e3d0853 e-con-full e-flex elementor-invisible e-con e-child\" data-id=\"e3d0853\" data-element_type=\"container\" data-settings=\"{&quot;animation&quot;:&quot;zoomIn&quot;}\">\n\t\t\t\t<div class=\"elementor-element elementor-element-eb6d120 elementor-widget elementor-widget-heading\" data-id=\"eb6d120\" data-element_type=\"widget\" data-widget_type=\"heading.default\">\n\t\t\t\t<div class=\"elementor-widget-container\">\n\t\t\t\t\t<h2 class=\"elementor-heading-title elementor-size-default\">Confort Perfect La Fiecare Pas <\/h2>\t\t\t\t<\/div>\n\t\t\t\t<\/div>\n\t\t\t\t<div class=\"elementor-element elementor-element-839b4ec elementor-widget-divider--view-line elementor-widget elementor-widget-divider\" data-id=\"839b4ec\" data-element_type=\"widget\" data-widget_type=\"divider.default\">\n\t\t\t\t<div class=\"elementor-widget-container\">\n\t\t\t\t\t\t\t<div class=\"elementor-divider\">\n\t\t\t<span class=\"elementor-divider-separator\">\n\t\t\t\t\t\t<\/span>\n\t\t<\/div>\n\t\t\t\t\t\t<\/div>\n\t\t\t\t<\/div>\n\t\t\t\t<div class=\"elementor-element elementor-element-0bd0220 elementor-widget elementor-widget-text-editor\" data-id=\"0bd0220\" data-element_type=\"widget\" data-widget_type=\"text-editor.default\">\n\t\t\t\t<div class=\"elementor-widget-container\">\n\t\t\t\t\t\t\t\t\t<p>C\u00e9g\u00fcnk k\u00fcldet\u00e9se, hogy a legk\u00e9nyelmesebb \u00e9s legst\u00edlusosabb zoknikat k\u00edn\u00e1ljuk, melyek minden l\u00e9p\u00e9sedet feldobj\u00e1k.<\/p>\t\t\t\t\t\t\t\t<\/div>\n\t\t\t\t<\/div>\n\t\t\t\t<\/div>\n\t\t\t\t\t<\/div>\n\t\t\t\t<\/div>\n\t\t<div class=\"elementor-element elementor-element-6b2a15a e-flex e-con-boxed elementor-invisible e-con e-parent\" data-id=\"6b2a15a\" data-element_type=\"container\" data-settings=\"{&quot;background_background&quot;:&quot;classic&quot;,&quot;animation&quot;:&quot;fadeInLeft&quot;}\">\n\t\t\t\t\t<div class=\"e-con-inner\">\n\t\t<div class=\"elementor-element elementor-element-2252565 e-con-full e-flex e-con e-child\" data-id=\"2252565\" data-element_type=\"container\">\n\t\t\t\t<div class=\"elementor-element elementor-element-80cb359 elementor-widget elementor-widget-image\" data-id=\"80cb359\" data-element_type=\"widget\" data-widget_type=\"image.default\">\n\t\t\t\t<div class=\"elementor-widget-container\">\n\t\t\t\t\t\t\t\t\t\t\t\t\t\t\t<img fetchpriority=\"high\" decoding=\"async\" width=\"1706\" height=\"2560\" src=\"https:\/\/bartextil.ro\/wp-content\/uploads\/2025\/01\/rolunk-hater-scaled.jpg\" class=\"attachment-full size-full wp-image-5797\" alt=\"\" srcset=\"https:\/\/bartextil.ro\/wp-content\/uploads\/2025\/01\/rolunk-hater-scaled.jpg 1706w, https:\/\/bartextil.ro\/wp-content\/uploads\/2025\/01\/rolunk-hater-200x300.jpg 200w, https:\/\/bartextil.ro\/wp-content\/uploads\/2025\/01\/rolunk-hater-683x1024.jpg 683w, https:\/\/bartextil.ro\/wp-content\/uploads\/2025\/01\/rolunk-hater-768x1152.jpg 768w, https:\/\/bartextil.ro\/wp-content\/uploads\/2025\/01\/rolunk-hater-1024x1536.jpg 1024w, https:\/\/bartextil.ro\/wp-content\/uploads\/2025\/01\/rolunk-hater-1365x2048.jpg 1365w, https:\/\/bartextil.ro\/wp-content\/uploads\/2025\/01\/rolunk-hater-600x900.jpg 600w\" sizes=\"(max-width: 1706px) 100vw, 1706px\" \/>\t\t\t\t\t\t\t\t\t\t\t\t\t\t\t<\/div>\n\t\t\t\t<\/div>\n\t\t\t\t<\/div>\n\t\t<div class=\"elementor-element elementor-element-327bd52 e-con-full e-flex e-con e-child\" data-id=\"327bd52\" data-element_type=\"container\">\n\t\t\t\t<div class=\"elementor-element elementor-element-738e4f8 elementor-widget elementor-widget-heading\" data-id=\"738e4f8\" data-element_type=\"widget\" data-widget_type=\"heading.default\">\n\t\t\t\t<div class=\"elementor-widget-container\">\n\t\t\t\t\t<h6 class=\"elementor-heading-title elementor-size-default\">Misiunea Noastr\u0103<\/h6>\t\t\t\t<\/div>\n\t\t\t\t<\/div>\n\t\t\t\t<div class=\"elementor-element elementor-element-dc49733 elementor-widget__width-auto elementor-view-default elementor-widget elementor-widget-icon\" data-id=\"dc49733\" data-element_type=\"widget\" data-widget_type=\"icon.default\">\n\t\t\t\t<div class=\"elementor-widget-container\">\n\t\t\t\t\t\t\t<div class=\"elementor-icon-wrapper\">\n\t\t\t<div class=\"elementor-icon\">\n\t\t\t<svg xmlns=\"http:\/\/www.w3.org\/2000\/svg\" width=\"67\" height=\"49\" viewbox=\"0 0 67 49\" fill=\"none\"><path d=\"M15.9996 48.4C10.9329 48.4 7.06628 46.8667 4.39961 43.8C1.86628 40.7333 0.599609 36.4667 0.599609 31C0.599609 25.8 1.53294 21.4 3.39961 17.8C5.26628 14.2 7.53294 11.2 10.1996 8.80001C12.9996 6.40001 15.7329 4.53334 18.3996 3.20001C21.1996 1.73333 23.5329 0.666666 25.3996 0L27.7996 5C25.5329 5.93333 23.1329 7.2 20.5996 8.80001C18.0663 10.4 15.8663 12.6667 13.9996 15.6C12.2663 18.4 11.3996 22.3333 11.3996 27.4C12.4663 26.8667 13.4663 26.5333 14.3996 26.4C15.3329 26.2667 16.3329 26.2 17.3996 26.2C21.2663 26.2 24.0663 27.2667 25.7996 29.4C27.6663 31.5333 28.5996 34 28.5996 36.8C28.5996 40 27.4663 42.7333 25.1996 45C23.0663 47.2667 19.9996 48.4 15.9996 48.4ZM53.9996 48.4C48.9329 48.4 45.0663 46.8667 42.3996 43.8C39.8663 40.7333 38.5996 36.4667 38.5996 31C38.5996 25.8 39.5329 21.4 41.3996 17.8C43.2663 14.2 45.5329 11.2 48.1996 8.80001C50.9996 6.40001 53.7329 4.53334 56.3996 3.20001C59.1996 1.73333 61.5329 0.666666 63.3996 0L65.7996 5C63.5329 5.93333 61.1329 7.2 58.5996 8.80001C56.0663 10.4 53.8663 12.6667 51.9996 15.6C50.2663 18.4 49.3996 22.3333 49.3996 27.4C50.4663 26.8667 51.4663 26.5333 52.3996 26.4C53.3329 26.2667 54.3329 26.2 55.3996 26.2C59.2663 26.2 62.0663 27.2667 63.7996 29.4C65.6663 31.5333 66.5996 34 66.5996 36.8C66.5996 40 65.4663 42.7333 63.1996 45C61.0663 47.2667 57.9996 48.4 53.9996 48.4Z\" fill=\"#27272A\"><\/path><\/svg>\t\t\t<\/div>\n\t\t<\/div>\n\t\t\t\t\t\t<\/div>\n\t\t\t\t<\/div>\n\t\t\t\t<div class=\"elementor-element elementor-element-13a2617 elementor-widget elementor-widget-testimonial\" data-id=\"13a2617\" data-element_type=\"widget\" data-widget_type=\"testimonial.default\">\n\t\t\t\t<div class=\"elementor-widget-container\">\n\t\t\t\t\t\t\t<div class=\"elementor-testimonial-wrapper\">\n\t\t\t\t\t\t\t<div class=\"elementor-testimonial-content\">\"Scopul nostru este ca fiecare client s\u0103 simt\u0103 grija pe care am pus-o \u00een produsele noastre. \u0218osetele nu sunt doar accesorii obi\u0219nuite \u2013 pentru noi, confortul \u0219i stilul sunt la fel de importante. Suntem m\u00e2ndri c\u0103 lucr\u0103m cu materiale de calitate \u0219i c\u0103 produsele noastre sunt realizate \u00eentr-un mod sustenabil. \u00ce\u021bi mul\u021bumim c\u0103 ne-ai ales!\"<\/div>\n\t\t\t\n\t\t\t\t\t\t<div class=\"elementor-testimonial-meta\">\n\t\t\t\t<div class=\"elementor-testimonial-meta-inner\">\n\t\t\t\t\t\n\t\t\t\t\t\t\t\t\t\t<div class=\"elementor-testimonial-details\">\n\t\t\t\t\t\t\t\t\t\t\t\t\t\t<div class=\"elementor-testimonial-name\"><span style=\"font-weight: 400;\">bartextil <\/span><\/div>\n\t\t\t\t\t\t\t\t\t\t\t\t\t\t\t\t\t\t\t<\/div>\n\t\t\t\t\t\t\t\t\t<\/div>\n\t\t\t<\/div>\n\t\t\t\t\t<\/div>\n\t\t\t\t\t\t<\/div>\n\t\t\t\t<\/div>\n\t\t\t\t<div class=\"elementor-element elementor-element-e8e4964 elementor-widget-divider--view-line elementor-widget elementor-widget-divider\" data-id=\"e8e4964\" data-element_type=\"widget\" data-widget_type=\"divider.default\">\n\t\t\t\t<div class=\"elementor-widget-container\">\n\t\t\t\t\t\t\t<div class=\"elementor-divider\">\n\t\t\t<span class=\"elementor-divider-separator\">\n\t\t\t\t\t\t<\/span>\n\t\t<\/div>\n\t\t\t\t\t\t<\/div>\n\t\t\t\t<\/div>\n\t\t\t\t<div class=\"elementor-element elementor-element-c98c5a6 elementor-widget elementor-widget-heading\" data-id=\"c98c5a6\" data-element_type=\"widget\" data-widget_type=\"heading.default\">\n\t\t\t\t<div class=\"elementor-widget-container\">\n\t\t\t\t\t<h6 class=\"elementor-heading-title elementor-size-default\">Re\u021bele sociale<\/h6>\t\t\t\t<\/div>\n\t\t\t\t<\/div>\n\t\t\t\t<div class=\"elementor-element elementor-element-fa77cfb e-grid-align-left elementor-shape-rounded elementor-grid-0 elementor-widget elementor-widget-social-icons\" data-id=\"fa77cfb\" data-element_type=\"widget\" data-widget_type=\"social-icons.default\">\n\t\t\t\t<div class=\"elementor-widget-container\">\n\t\t\t\t\t\t\t<div class=\"elementor-social-icons-wrapper elementor-grid\">\n\t\t\t\t\t\t\t<span class=\"elementor-grid-item\">\n\t\t\t\t\t<a class=\"elementor-icon elementor-social-icon elementor-social-icon-instagram elementor-repeater-item-572f217\" target=\"_blank\">\n\t\t\t\t\t\t<span class=\"elementor-screen-only\">Instagram<\/span>\n\t\t\t\t\t\t<svg class=\"e-font-icon-svg e-fab-instagram\" viewbox=\"0 0 448 512\" xmlns=\"http:\/\/www.w3.org\/2000\/svg\"><path d=\"M224.1 141c-63.6 0-114.9 51.3-114.9 114.9s51.3 114.9 114.9 114.9S339 319.5 339 255.9 287.7 141 224.1 141zm0 189.6c-41.1 0-74.7-33.5-74.7-74.7s33.5-74.7 74.7-74.7 74.7 33.5 74.7 74.7-33.6 74.7-74.7 74.7zm146.4-194.3c0 14.9-12 26.8-26.8 26.8-14.9 0-26.8-12-26.8-26.8s12-26.8 26.8-26.8 26.8 12 26.8 26.8zm76.1 27.2c-1.7-35.9-9.9-67.7-36.2-93.9-26.2-26.2-58-34.4-93.9-36.2-37-2.1-147.9-2.1-184.9 0-35.8 1.7-67.6 9.9-93.9 36.1s-34.4 58-36.2 93.9c-2.1 37-2.1 147.9 0 184.9 1.7 35.9 9.9 67.7 36.2 93.9s58 34.4 93.9 36.2c37 2.1 147.9 2.1 184.9 0 35.9-1.7 67.7-9.9 93.9-36.2 26.2-26.2 34.4-58 36.2-93.9 2.1-37 2.1-147.8 0-184.8zM398.8 388c-7.8 19.6-22.9 34.7-42.6 42.6-29.5 11.7-99.5 9-132.1 9s-102.7 2.6-132.1-9c-19.6-7.8-34.7-22.9-42.6-42.6-11.7-29.5-9-99.5-9-132.1s-2.6-102.7 9-132.1c7.8-19.6 22.9-34.7 42.6-42.6 29.5-11.7 99.5-9 132.1-9s102.7-2.6 132.1 9c19.6 7.8 34.7 22.9 42.6 42.6 11.7 29.5 9 99.5 9 132.1s2.7 102.7-9 132.1z\"><\/path><\/svg>\t\t\t\t\t<\/a>\n\t\t\t\t<\/span>\n\t\t\t\t\t\t\t<span class=\"elementor-grid-item\">\n\t\t\t\t\t<a class=\"elementor-icon elementor-social-icon elementor-social-icon-facebook elementor-repeater-item-35e46af\" href=\"https:\/\/www.facebook.com\/Bartextil\/\" target=\"_blank\">\n\t\t\t\t\t\t<span class=\"elementor-screen-only\">Facebook<\/span>\n\t\t\t\t\t\t<svg class=\"e-font-icon-svg e-fab-facebook\" viewbox=\"0 0 512 512\" xmlns=\"http:\/\/www.w3.org\/2000\/svg\"><path d=\"M504 256C504 119 393 8 256 8S8 119 8 256c0 123.78 90.69 226.38 209.25 245V327.69h-63V256h63v-54.64c0-62.15 37-96.48 93.67-96.48 27.14 0 55.52 4.84 55.52 4.84v61h-31.28c-30.8 0-40.41 19.12-40.41 38.73V256h68.78l-11 71.69h-57.78V501C413.31 482.38 504 379.78 504 256z\"><\/path><\/svg>\t\t\t\t\t<\/a>\n\t\t\t\t<\/span>\n\t\t\t\t\t<\/div>\n\t\t\t\t\t\t<\/div>\n\t\t\t\t<\/div>\n\t\t\t\t<\/div>\n\t\t\t\t\t<\/div>\n\t\t\t\t<\/div>\n\t\t<div class=\"elementor-element elementor-element-a2c0928 e-flex e-con-boxed e-con e-parent\" data-id=\"a2c0928\" data-element_type=\"container\" data-settings=\"{&quot;background_background&quot;:&quot;classic&quot;}\">\n\t\t\t\t\t<div class=\"e-con-inner\">\n\t\t<div class=\"elementor-element elementor-element-6f9c032 e-con-full e-flex e-con e-child\" data-id=\"6f9c032\" data-element_type=\"container\">\n\t\t<div class=\"elementor-element elementor-element-1a53c5a e-flex e-con-boxed e-con e-child\" data-id=\"1a53c5a\" data-element_type=\"container\">\n\t\t\t\t\t<div class=\"e-con-inner\">\n\t\t<div class=\"elementor-element elementor-element-30e6b9a e-con-full e-flex e-con e-child\" data-id=\"30e6b9a\" data-element_type=\"container\">\n\t\t\t\t<div class=\"elementor-element elementor-element-c9b4506 elementor-widget elementor-widget-heading\" data-id=\"c9b4506\" data-element_type=\"widget\" data-widget_type=\"heading.default\">\n\t\t\t\t<div class=\"elementor-widget-container\">\n\t\t\t\t\t<h6 class=\"elementor-heading-title elementor-size-default\">Povestea noastr\u0103<\/h6>\t\t\t\t<\/div>\n\t\t\t\t<\/div>\n\t\t\t\t<\/div>\n\t\t<div class=\"elementor-element elementor-element-9f653ec e-con-full e-flex e-con e-child\" data-id=\"9f653ec\" data-element_type=\"container\">\n\t\t\t\t<div class=\"elementor-element elementor-element-98d6f59 elementor-widget elementor-widget-heading\" data-id=\"98d6f59\" data-element_type=\"widget\" data-widget_type=\"heading.default\">\n\t\t\t\t<div class=\"elementor-widget-container\">\n\t\t\t\t\t<div class=\"elementor-heading-title elementor-size-default\">Bartextil: Confort \u0219i Calitate Din M\u00e2ini de Familie<\/div>\t\t\t\t<\/div>\n\t\t\t\t<\/div>\n\t\t\t\t<div class=\"elementor-element elementor-element-09d0e61 elementor-widget elementor-widget-text-editor\" data-id=\"09d0e61\" data-element_type=\"widget\" data-widget_type=\"text-editor.default\">\n\t\t\t\t<div class=\"elementor-widget-container\">\n\t\t\t\t\t\t\t\t\t<p>A Bartextil 2001-ben indult Erd\u00e9lyben, Gyergy\u00f3csomafalv\u00e1n, hogy olyan zoknikat k\u00e9sz\u00edts\u00fcnk, amelyek k\u00e9nyelmesek, tart\u00f3sak \u00e9s \u00e9rt\u00e9ket k\u00e9pviselnek. Minden term\u00e9k\u00fcnket a legnagyobb szak\u00e9rtelemmel k\u00e9sz\u00edtj\u00fck, \u00e9s b\u00fcszk\u00e9k vagyunk arra, hogy v\u00e1s\u00e1rl\u00f3ink visszajelz\u00e9sei alapj\u00e1n nemcsak min\u0151s\u00e9get, hanem egy darabka gondoskod\u00e1st is ny\u00fajthatunk. K\u00f6sz\u00f6nj\u00fck, hogy t\u00e1mogatod a Bartextil csal\u00e1di v\u00e1llalkoz\u00e1s\u00e1t, \u00e9s r\u00e9sze vagy a t\u00f6rt\u00e9net\u00fcnknek!<\/p>\t\t\t\t\t\t\t\t<\/div>\n\t\t\t\t<\/div>\n\t\t\t\t<\/div>\n\t\t\t\t\t<\/div>\n\t\t\t\t<\/div>\n\t\t<div class=\"elementor-element elementor-element-b3d0f7d e-flex e-con-boxed e-con e-child\" data-id=\"b3d0f7d\" data-element_type=\"container\">\n\t\t\t\t\t<div class=\"e-con-inner\">\n\t\t\t\t<div class=\"elementor-element elementor-element-3b72558 elementor-widget__width-initial elementor-widget-mobile__width-inherit elementor-view-stacked elementor-shape-circle elementor-position-top elementor-mobile-position-top elementor-widget elementor-widget-icon-box\" data-id=\"3b72558\" data-element_type=\"widget\" data-widget_type=\"icon-box.default\">\n\t\t\t\t<div class=\"elementor-widget-container\">\n\t\t\t\t\t\t\t<div class=\"elementor-icon-box-wrapper\">\n\n\t\t\t\t\t\t<div class=\"elementor-icon-box-icon\">\n\t\t\t\t<span  class=\"elementor-icon elementor-animation-\">\n\t\t\t\t<svg aria-hidden=\"true\" class=\"e-font-icon-svg e-fas-socks\" viewbox=\"0 0 512 512\" xmlns=\"http:\/\/www.w3.org\/2000\/svg\"><path d=\"M214.66 311.01L288 256V96H128v176l-86.65 64.61c-39.4 29.56-53.86 84.42-29.21 127.06C30.39 495.25 63.27 512 96.08 512c20.03 0 40.25-6.25 57.52-19.2l21.86-16.39c-29.85-55.38-13.54-125.84 39.2-165.4zM288 32c0-11.05 3.07-21.3 8.02-30.38C293.4.92 290.85 0 288 0H160c-17.67 0-32 14.33-32 32v32h160V32zM480 0H352c-17.67 0-32 14.33-32 32v32h192V32c0-17.67-14.33-32-32-32zM320 272l-86.13 64.61c-39.4 29.56-53.86 84.42-29.21 127.06 18.25 31.58 50.61 48.33 83.42 48.33 20.03 0 40.25-6.25 57.52-19.2l115.2-86.4A127.997 127.997 0 0 0 512 304V96H320v176z\"><\/path><\/svg>\t\t\t\t<\/span>\n\t\t\t<\/div>\n\t\t\t\n\t\t\t\t\t\t<div class=\"elementor-icon-box-content\">\n\n\t\t\t\t\t\t\t\t\t<h5 class=\"elementor-icon-box-title\">\n\t\t\t\t\t\t<span  >\n\t\t\t\t\t\t\tPerfect Pentru Fiecare Pas\t\t\t\t\t\t<\/span>\n\t\t\t\t\t<\/h5>\n\t\t\t\t\n\t\t\t\t\t\t\t\t\t<p class=\"elementor-icon-box-description\">\n\t\t\t\t\t\tPentru orice ocazie \u2013 sport, munc\u0103 sau relax acas\u0103 \u2013 la noi vei g\u0103si \u0219oseta perfect\u0103\t\t\t\t\t<\/p>\n\t\t\t\t\n\t\t\t<\/div>\n\t\t\t\n\t\t<\/div>\n\t\t\t\t\t\t<\/div>\n\t\t\t\t<\/div>\n\t\t\t\t<div class=\"elementor-element elementor-element-9990726 elementor-widget__width-initial elementor-widget-mobile__width-inherit elementor-view-stacked elementor-shape-circle elementor-position-top elementor-mobile-position-top elementor-widget elementor-widget-icon-box\" data-id=\"9990726\" data-element_type=\"widget\" data-widget_type=\"icon-box.default\">\n\t\t\t\t<div class=\"elementor-widget-container\">\n\t\t\t\t\t\t\t<div class=\"elementor-icon-box-wrapper\">\n\n\t\t\t\t\t\t<div class=\"elementor-icon-box-icon\">\n\t\t\t\t<span  class=\"elementor-icon elementor-animation-\">\n\t\t\t\t<svg aria-hidden=\"true\" class=\"e-font-icon-svg e-fas-leaf\" viewbox=\"0 0 576 512\" xmlns=\"http:\/\/www.w3.org\/2000\/svg\"><path d=\"M546.2 9.7c-5.6-12.5-21.6-13-28.3-1.2C486.9 62.4 431.4 96 368 96h-80C182 96 96 182 96 288c0 7 .8 13.7 1.5 20.5C161.3 262.8 253.4 224 384 224c8.8 0 16 7.2 16 16s-7.2 16-16 16C132.6 256 26 410.1 2.4 468c-6.6 16.3 1.2 34.9 17.5 41.6 16.4 6.8 35-1.1 41.8-17.3 1.5-3.6 20.9-47.9 71.9-90.6 32.4 43.9 94 85.8 174.9 77.2C465.5 467.5 576 326.7 576 154.3c0-50.2-10.8-102.2-29.8-144.6z\"><\/path><\/svg>\t\t\t\t<\/span>\n\t\t\t<\/div>\n\t\t\t\n\t\t\t\t\t\t<div class=\"elementor-icon-box-content\">\n\n\t\t\t\t\t\t\t\t\t<h5 class=\"elementor-icon-box-title\">\n\t\t\t\t\t\t<span  >\n\t\t\t\t\t\t\tDin Materiale Premium\t\t\t\t\t\t<\/span>\n\t\t\t\t\t<\/h5>\n\t\t\t\t\n\t\t\t\t\t\t\t\t\t<p class=\"elementor-icon-box-description\">\n\t\t\t\t\t\t\u0218osete confec\u021bionate doar din bumbac de cea mai bun\u0103 calitate, pentru ca picioarele tale s\u0103 se bucure de confort garantat.\t\t\t\t\t<\/p>\n\t\t\t\t\n\t\t\t<\/div>\n\t\t\t\n\t\t<\/div>\n\t\t\t\t\t\t<\/div>\n\t\t\t\t<\/div>\n\t\t\t\t<div class=\"elementor-element elementor-element-f0b2973 elementor-widget__width-initial elementor-widget-mobile__width-inherit elementor-view-stacked elementor-shape-circle elementor-position-top elementor-mobile-position-top elementor-widget elementor-widget-icon-box\" data-id=\"f0b2973\" data-element_type=\"widget\" data-widget_type=\"icon-box.default\">\n\t\t\t\t<div class=\"elementor-widget-container\">\n\t\t\t\t\t\t\t<div class=\"elementor-icon-box-wrapper\">\n\n\t\t\t\t\t\t<div class=\"elementor-icon-box-icon\">\n\t\t\t\t<span  class=\"elementor-icon elementor-animation-\">\n\t\t\t\t<svg aria-hidden=\"true\" class=\"e-font-icon-svg e-fas-hand-holding-heart\" viewbox=\"0 0 576 512\" xmlns=\"http:\/\/www.w3.org\/2000\/svg\"><path d=\"M275.3 250.5c7 7.4 18.4 7.4 25.5 0l108.9-114.2c31.6-33.2 29.8-88.2-5.6-118.8-30.8-26.7-76.7-21.9-104.9 7.7L288 36.9l-11.1-11.6C248.7-4.4 202.8-9.2 172 17.5c-35.3 30.6-37.2 85.6-5.6 118.8l108.9 114.2zm290 77.6c-11.8-10.7-30.2-10-42.6 0L430.3 402c-11.3 9.1-25.4 14-40 14H272c-8.8 0-16-7.2-16-16s7.2-16 16-16h78.3c15.9 0 30.7-10.9 33.3-26.6 3.3-20-12.1-37.4-31.6-37.4H192c-27 0-53.1 9.3-74.1 26.3L71.4 384H16c-8.8 0-16 7.2-16 16v96c0 8.8 7.2 16 16 16h356.8c14.5 0 28.6-4.9 40-14L564 377c15.2-12.1 16.4-35.3 1.3-48.9z\"><\/path><\/svg>\t\t\t\t<\/span>\n\t\t\t<\/div>\n\t\t\t\n\t\t\t\t\t\t<div class=\"elementor-icon-box-content\">\n\n\t\t\t\t\t\t\t\t\t<h5 class=\"elementor-icon-box-title\">\n\t\t\t\t\t\t<span  >\n\t\t\t\t\t\t\tConfort Maxim\t\t\t\t\t\t<\/span>\n\t\t\t\t\t<\/h5>\n\t\t\t\t\n\t\t\t\t\t\t\t\t\t<p class=\"elementor-icon-box-description\">\n\t\t\t\t\t\tMateriale moi \u0219i confortabile \u2013 \u0219osete care \u00ee\u021bi protejeaz\u0103 \u0219i sus\u021bin picioarele \u00eentreaga zi.\t\t\t\t\t<\/p>\n\t\t\t\t\n\t\t\t<\/div>\n\t\t\t\n\t\t<\/div>\n\t\t\t\t\t\t<\/div>\n\t\t\t\t<\/div>\n\t\t\t\t\t<\/div>\n\t\t\t\t<\/div>\n\t\t\t\t<\/div>\n\t\t\t\t\t<\/div>\n\t\t\t\t<\/div>\n\t\t\t\t<\/div>","protected":false},"excerpt":{"rendered":"<p>T\u00f6k\u00e9letes k\u00e9nyelem minden l\u00e9p\u00e9shez C\u00e9g\u00fcnk k\u00fcldet\u00e9se, hogy a legk\u00e9nyelmesebb \u00e9s legst\u00edlusosabb zoknikat k\u00edn\u00e1ljuk, melyek minden l\u00e9p\u00e9sedet feldobj\u00e1k. C\u00e9lunk &#8222;C\u00e9lunk, hogy minden v\u00e1s\u00e1rl\u00f3nk \u00e9rezze a gondoskod\u00e1st, amit a term\u00e9keinkbe tett\u00fcnk. A zoknik nem csup\u00e1n h\u00e9tk\u00f6znapi kieg\u00e9sz\u00edt\u0151k \u2013 szerint\u00fcnk a k\u00e9nyelem \u00e9s a st\u00edlus egyar\u00e1nt fontos. B\u00fcszk\u00e9k vagyunk arra, hogy min\u0151s\u00e9gi anyagokkal dolgozunk, \u00e9s hogy fenntarthat\u00f3 m\u00f3don [&hellip;]<\/p>","protected":false},"author":1,"featured_media":0,"parent":0,"menu_order":0,"comment_status":"closed","ping_status":"closed","template":"","meta":{"_surecart_dashboard_logo_width":"180px","_surecart_dashboard_show_logo":true,"_surecart_dashboard_navigation_orders":true,"_surecart_dashboard_navigation_invoices":true,"_surecart_dashboard_navigation_subscriptions":true,"_surecart_dashboard_navigation_downloads":true,"_surecart_dashboard_navigation_billing":true,"_surecart_dashboard_navigation_account":true,"site-sidebar-layout":"no-sidebar","site-content-layout":"page-builder","ast-site-content-layout":"full-width-container","site-content-style":"unboxed","site-sidebar-style":"unboxed","ast-global-header-display":"","ast-banner-title-visibility":"","ast-main-header-display":"","ast-hfb-above-header-display":"","ast-hfb-below-header-display":"","ast-hfb-mobile-header-display":"","site-post-title":"disabled","ast-breadcrumbs-content":"disabled","ast-featured-img":"disabled","footer-sml-layout":"","theme-transparent-header-meta":"enabled","adv-header-id-meta":"","stick-header-meta":"","header-above-stick-meta":"","header-main-stick-meta":"","header-below-stick-meta":"","astra-migrate-meta-layouts":"set","ast-page-background-enabled":"default","ast-page-background-meta":{"desktop":{"background-color":"var(--ast-global-color-4)","background-image":"","background-repeat":"repeat","background-position":"center center","background-size":"auto","background-attachment":"scroll","background-type":"","background-media":"","overlay-type":"","overlay-color":"","overlay-opacity":"","overlay-gradient":""},"tablet":{"background-color":"","background-image":"","background-repeat":"repeat","background-position":"center center","background-size":"auto","background-attachment":"scroll","background-type":"","background-media":"","overlay-type":"","overlay-color":"","overlay-opacity":"","overlay-gradient":""},"mobile":{"background-color":"","background-image":"","background-repeat":"repeat","background-position":"center center","background-size":"auto","background-attachment":"scroll","background-type":"","background-media":"","overlay-type":"","overlay-color":"","overlay-opacity":"","overlay-gradient":""}},"ast-content-background-meta":{"desktop":{"background-color":"var(--ast-global-color-5)","background-image":"","background-repeat":"repeat","background-position":"center center","background-size":"auto","background-attachment":"scroll","background-type":"","background-media":"","overlay-type":"","overlay-color":"","overlay-opacity":"","overlay-gradient":""},"tablet":{"background-color":"var(--ast-global-color-5)","background-image":"","background-repeat":"repeat","background-position":"center center","background-size":"auto","background-attachment":"scroll","background-type":"","background-media":"","overlay-type":"","overlay-color":"","overlay-opacity":"","overlay-gradient":""},"mobile":{"background-color":"var(--ast-global-color-5)","background-image":"","background-repeat":"repeat","background-position":"center center","background-size":"auto","background-attachment":"scroll","background-type":"","background-media":"","overlay-type":"","overlay-color":"","overlay-opacity":"","overlay-gradient":""}},"footnotes":""},"class_list":["post-381","page","type-page","status-publish","hentry"],"jetpack_sharing_enabled":true,"_links":{"self":[{"href":"https:\/\/bartextil.ro\/ro\/wp-json\/wp\/v2\/pages\/381","targetHints":{"allow":["GET"]}}],"collection":[{"href":"https:\/\/bartextil.ro\/ro\/wp-json\/wp\/v2\/pages"}],"about":[{"href":"https:\/\/bartextil.ro\/ro\/wp-json\/wp\/v2\/types\/page"}],"author":[{"embeddable":true,"href":"https:\/\/bartextil.ro\/ro\/wp-json\/wp\/v2\/users\/1"}],"replies":[{"embeddable":true,"href":"https:\/\/bartextil.ro\/ro\/wp-json\/wp\/v2\/comments?post=381"}],"version-history":[{"count":0,"href":"https:\/\/bartextil.ro\/ro\/wp-json\/wp\/v2\/pages\/381\/revisions"}],"wp:attachment":[{"href":"https:\/\/bartextil.ro\/ro\/wp-json\/wp\/v2\/media?parent=381"}],"curies":[{"name":"wp","href":"https:\/\/api.w.org\/{rel}","templated":true}]}}